{"id":11,"date":"2023-05-15T20:06:19","date_gmt":"2023-05-15T20:06:19","guid":{"rendered":"https:\/\/ceaelsol.com.co\/?page_id=11"},"modified":"2026-02-23T20:28:38","modified_gmt":"2026-02-23T20:28:38","slug":"servicio","status":"publish","type":"page","link":"https:\/\/ceaelsol.com.co\/index.php\/servicio\/","title":{"rendered":"Servicios"},"content":{"rendered":"\n<div class=\"wp-block-columns is-layout-flex wp-container-core-columns-is-layout-1 wp-block-columns-is-layout-flex\">\n<div class=\"wp-block-column is-layout-flow wp-block-column-is-layout-flow\">\n<figure class=\"wp-block-image size-full\"><img loading=\"lazy\" decoding=\"async\" width=\"720\" height=\"1280\" src=\"https:\/\/ceaelsol.com.co\/wp-content\/uploads\/2026\/02\/descuentos.jpeg\" alt=\"\" class=\"wp-image-704\" srcset=\"https:\/\/ceaelsol.com.co\/wp-content\/uploads\/2026\/02\/descuentos.jpeg 720w, https:\/\/ceaelsol.com.co\/wp-content\/uploads\/2026\/02\/descuentos-169x300.jpeg 169w, https:\/\/ceaelsol.com.co\/wp-content\/uploads\/2026\/02\/descuentos-576x1024.jpeg 576w\" sizes=\"(max-width: 720px) 100vw, 720px\" \/><\/figure>\n<\/div>\n\n\n\n<div class=\"wp-block-column is-layout-flow wp-block-column-is-layout-flow\">\n<p data-start=\"0\" data-end=\"301\">Somos un <strong data-start=\"9\" data-end=\"59\">Centro Integral de Atenci\u00f3n en Tr\u00e1nsito (CIAT)<\/strong> debidamente habilitado, donde ofrecemos servicios orientados a facilitar la gesti\u00f3n de tr\u00e1mites y promover la cultura de legalidad y seguridad vial, en cumplimiento de la normatividad vigente y las disposiciones del Ministerio de Transporte.<\/p>\n<p data-start=\"303\" data-end=\"456\">Nuestro centro est\u00e1 dise\u00f1ado para brindar atenci\u00f3n \u00e1gil, clara y confiable a conductores y ciudadanos en general. Entre nuestros servicios se encuentran:<\/p>\n<p data-start=\"458\" data-end=\"653\"><strong data-start=\"458\" data-end=\"498\">Cursos pedag\u00f3gicos para infractores:<\/strong><br data-start=\"498\" data-end=\"501\" \/>Dirigidos a quienes deseen acceder a los descuentos de ley sobre comparendos, conforme a los plazos y condiciones establecidos por la normativa vigente.<\/p>\n<p data-start=\"655\" data-end=\"851\"><strong data-start=\"655\" data-end=\"695\">Tr\u00e1mites de licencias de conducci\u00f3n:<\/strong><br data-start=\"695\" data-end=\"698\" \/>Orientaci\u00f3n y gesti\u00f3n en procesos de expedici\u00f3n, renovaci\u00f3n y duplicado de licencias, cumpliendo los requisitos exigidos por las autoridades competentes.<\/p>\n<p data-start=\"853\" data-end=\"1002\"><strong data-start=\"853\" data-end=\"884\">Asesor\u00eda en seguridad vial:<\/strong><br data-start=\"884\" data-end=\"887\" \/>Capacitaci\u00f3n e informaci\u00f3n actualizada sobre normas de tr\u00e1nsito, prevenci\u00f3n de siniestros y conducci\u00f3n responsable.<\/p>\n<hr data-start=\"1004\" data-end=\"1007\" \/>\n<h3 data-start=\"1009\" data-end=\"1053\">Obt\u00e9n con nosotros los descuentos de ley<\/h3>\n<p data-start=\"1055\" data-end=\"1276\">Puedes realizar el curso pedag\u00f3gico en normas de tr\u00e1nsito y seguridad vial dentro de los tiempos establecidos para acceder a los descuentos correspondientes.<br data-start=\"1212\" data-end=\"1215\" \/>Recuerda presentar tu documento de identidad y el comparendo.<\/p>\n<p data-start=\"1278\" data-end=\"1503\"><strong data-start=\"1278\" data-end=\"1293\">Importante:<\/strong><br data-start=\"1293\" data-end=\"1296\" \/>El Centro Integral de Atenci\u00f3n (CIA) u Organismo de Tr\u00e1nsito donde realices el curso debe estar debidamente registrado en el RUNT. Puedes verificar esta informaci\u00f3n en la p\u00e1gina oficial: <strong data-start=\"1483\" data-end=\"1502\"><a class=\"decorated-link\" href=\"http:\/\/www.runt.gov.co\" target=\"_new\" rel=\"noopener\" data-start=\"1485\" data-end=\"1500\">www.runt.gov.co<\/a><\/strong><\/p>\n<\/div>\n<\/div>\n\n\n\n<figure class=\"wp-block-video\"><video controls src=\"https:\/\/www.ceaelsol.com.co\/educacion\/conferencias\/portafolios.mp4\"><\/video><\/figure>\n\n\n\n<p class=\"has-text-align-center\"><\/p>\n\n\n\n<h2 class=\"wp-block-heading\">Categorias de Conducci\u00f3n<\/h2>\n\n\n\n<p style=\"font-size:28px\"><strong>Capacitamos y certificamos en las siguientes categor\u00edas:<\/strong><\/p>\n\n\n\n<div class=\"wp-block-columns is-layout-flex wp-container-core-columns-is-layout-2 wp-block-columns-is-layout-flex\">\n<div class=\"wp-block-column is-layout-flow wp-block-column-is-layout-flow\">\n<figure class=\"wp-block-image size-full\"><img loading=\"lazy\" decoding=\"async\" width=\"548\" height=\"334\" src=\"https:\/\/ceaelsol.com.co\/wp-content\/uploads\/2023\/05\/categoria-a1.png\" alt=\"\" class=\"wp-image-349\" srcset=\"https:\/\/ceaelsol.com.co\/wp-content\/uploads\/2023\/05\/categoria-a1.png 548w, https:\/\/ceaelsol.com.co\/wp-content\/uploads\/2023\/05\/categoria-a1-300x183.png 300w\" sizes=\"(max-width: 548px) 100vw, 548px\" \/><\/figure>\n<\/div>\n\n\n\n<div class=\"wp-block-column is-layout-flow wp-block-column-is-layout-flow\">\n<figure class=\"wp-block-image size-full\"><img loading=\"lazy\" decoding=\"async\" width=\"548\" height=\"334\" src=\"https:\/\/ceaelsol.com.co\/wp-content\/uploads\/2023\/05\/categoria-a2.png\" alt=\"\" class=\"wp-image-350\" srcset=\"https:\/\/ceaelsol.com.co\/wp-content\/uploads\/2023\/05\/categoria-a2.png 548w, https:\/\/ceaelsol.com.co\/wp-content\/uploads\/2023\/05\/categoria-a2-300x183.png 300w\" sizes=\"(max-width: 548px) 100vw, 548px\" \/><\/figure>\n<\/div>\n\n\n\n<div class=\"wp-block-column is-layout-flow wp-block-column-is-layout-flow\">\n<figure class=\"wp-block-image size-full\"><img loading=\"lazy\" decoding=\"async\" width=\"548\" height=\"334\" src=\"https:\/\/ceaelsol.com.co\/wp-content\/uploads\/2023\/05\/categoria-b1.png\" alt=\"\" class=\"wp-image-351\" srcset=\"https:\/\/ceaelsol.com.co\/wp-content\/uploads\/2023\/05\/categoria-b1.png 548w, https:\/\/ceaelsol.com.co\/wp-content\/uploads\/2023\/05\/categoria-b1-300x183.png 300w\" sizes=\"(max-width: 548px) 100vw, 548px\" \/><\/figure>\n<\/div>\n<\/div>\n\n\n\n<div class=\"wp-block-columns is-layout-flex wp-container-core-columns-is-layout-3 wp-block-columns-is-layout-flex\">\n<div class=\"wp-block-column is-layout-flow wp-block-column-is-layout-flow\">\n<figure class=\"wp-block-image size-full\"><img loading=\"lazy\" decoding=\"async\" width=\"548\" height=\"334\" src=\"https:\/\/ceaelsol.com.co\/wp-content\/uploads\/2023\/05\/categoria-b2.png\" alt=\"\" class=\"wp-image-352\" srcset=\"https:\/\/ceaelsol.com.co\/wp-content\/uploads\/2023\/05\/categoria-b2.png 548w, https:\/\/ceaelsol.com.co\/wp-content\/uploads\/2023\/05\/categoria-b2-300x183.png 300w\" sizes=\"(max-width: 548px) 100vw, 548px\" \/><\/figure>\n<\/div>\n\n\n\n<div class=\"wp-block-column is-layout-flow wp-block-column-is-layout-flow\">\n<figure class=\"wp-block-image size-full\"><img loading=\"lazy\" decoding=\"async\" width=\"548\" height=\"334\" src=\"https:\/\/ceaelsol.com.co\/wp-content\/uploads\/2023\/05\/categoria-c1.png\" alt=\"\" class=\"wp-image-353\" srcset=\"https:\/\/ceaelsol.com.co\/wp-content\/uploads\/2023\/05\/categoria-c1.png 548w, https:\/\/ceaelsol.com.co\/wp-content\/uploads\/2023\/05\/categoria-c1-300x183.png 300w\" sizes=\"(max-width: 548px) 100vw, 548px\" \/><\/figure>\n<\/div>\n\n\n\n<div class=\"wp-block-column is-layout-flow wp-block-column-is-layout-flow\">\n<figure class=\"wp-block-image size-full\"><img loading=\"lazy\" decoding=\"async\" width=\"548\" height=\"334\" src=\"https:\/\/ceaelsol.com.co\/wp-content\/uploads\/2023\/05\/categoria-c2.png\" alt=\"\" class=\"wp-image-354\" srcset=\"https:\/\/ceaelsol.com.co\/wp-content\/uploads\/2023\/05\/categoria-c2.png 548w, https:\/\/ceaelsol.com.co\/wp-content\/uploads\/2023\/05\/categoria-c2-300x183.png 300w\" sizes=\"(max-width: 548px) 100vw, 548px\" \/><\/figure>\n<\/div>\n<\/div>\n\n\n\n<div class=\"wp-block-columns is-layout-flex wp-container-core-columns-is-layout-4 wp-block-columns-is-layout-flex\">\n<div class=\"wp-block-column is-layout-flow wp-block-column-is-layout-flow\">\n<figure class=\"wp-block-image size-full\"><img loading=\"lazy\" decoding=\"async\" width=\"548\" height=\"334\" src=\"https:\/\/ceaelsol.com.co\/wp-content\/uploads\/2023\/05\/categoria-c3.png\" alt=\"\" class=\"wp-image-355\" srcset=\"https:\/\/ceaelsol.com.co\/wp-content\/uploads\/2023\/05\/categoria-c3.png 548w, https:\/\/ceaelsol.com.co\/wp-content\/uploads\/2023\/05\/categoria-c3-300x183.png 300w\" sizes=\"(max-width: 548px) 100vw, 548px\" \/><\/figure>\n<\/div>\n\n\n\n<div class=\"wp-block-column is-layout-flow wp-block-column-is-layout-flow\"><\/div>\n\n\n\n<div class=\"wp-block-column is-layout-flow wp-block-column-is-layout-flow\"><\/div>\n<\/div>\n\n\n\n<h2 class=\"wp-block-heading alignfull has-text-align-center\">Curso te\u00f3rico practico para formadores<\/h2>\n\n\n<p style=\"text-align: justify;\">Formarse con el Centro de Ense\u00f1anza Automovil\u00edstica El Sol como formador es importante por varias razones:<\/p>\n<ol style=\"text-align: justify;\" start=\"1\">\n<li>\n<p><strong>Experiencia y trayectoria<\/strong>: El Sol cuenta con m\u00e1s de 35 a\u00f1os de experiencia en la formaci\u00f3n de conductores y formadores, lo que garantiza una educaci\u00f3n de alta calidad y con valores \u00e9ticos.<\/p>\n<\/li>\n<li class=\"ps-2\">\n<p><strong>Infraestructura y recursos<\/strong>: Disponen de instalaciones modernas y equipadas con tecnolog\u00eda avanzada para la ense\u00f1anza te\u00f3rica y pr\u00e1ctica. Esto incluye aulas con pantallas de proyecci\u00f3n, software educativo y simuladores de ex\u00e1menes.<\/p>\n<\/li>\n<li class=\"ps-2\">\n<p><strong>Personal capacitado<\/strong>: Los instructores de El Sol est\u00e1n altamente capacitados en pedagog\u00eda y ciencias t\u00e9cnicas, lo que asegura una formaci\u00f3n integral y efectiva.<\/p>\n<\/li>\n<li class=\"ps-2\">\n<p><strong>Compromiso con la seguridad vial<\/strong>: El centro se enfoca en inculcar valores de responsabilidad y buen comportamiento en las v\u00edas, contribuyendo a la creaci\u00f3n de una cultura de seguridad vial.<\/p>\n<\/li>\n<li class=\"ps-2\">\n<p><strong>Reconocimientos y satisfacci\u00f3n<\/strong>: El Sol ha capacitado a m\u00e1s de 25,000 estudiantes y ha recibido numerosos reconocimientos por su excelencia en la ense\u00f1anza automovil\u00edstica.<\/p>\n<\/li>\n<\/ol>\n<p style=\"text-align: justify;\">Formarse en un centro con estas caracter\u00edsticas no solo mejora las habilidades de conducci\u00f3n, sino que tambi\u00e9n prepara a los formadores para transmitir conocimientos de manera efectiva y responsable.<\/p>\n\n\n<div class=\"wp-block-columns is-layout-flex wp-container-core-columns-is-layout-5 wp-block-columns-is-layout-flex\">\n<div class=\"wp-block-column is-layout-flow wp-block-column-is-layout-flow\">\n<figure class=\"wp-block-image alignfull size-large\"><img loading=\"lazy\" decoding=\"async\" width=\"1024\" height=\"533\" src=\"https:\/\/ceaelsol.com.co\/wp-content\/uploads\/2024\/01\/formadores-1024x533.jpg\" alt=\"\" class=\"wp-image-540\" srcset=\"https:\/\/ceaelsol.com.co\/wp-content\/uploads\/2024\/01\/formadores-1024x533.jpg 1024w, https:\/\/ceaelsol.com.co\/wp-content\/uploads\/2024\/01\/formadores-300x156.jpg 300w, https:\/\/ceaelsol.com.co\/wp-content\/uploads\/2024\/01\/formadores-768x400.jpg 768w, https:\/\/ceaelsol.com.co\/wp-content\/uploads\/2024\/01\/formadores-1536x799.jpg 1536w, https:\/\/ceaelsol.com.co\/wp-content\/uploads\/2024\/01\/formadores-2048x1066.jpg 2048w\" sizes=\"(max-width: 1024px) 100vw, 1024px\" \/><\/figure>\n<\/div>\n<\/div>\n","protected":false},"excerpt":{"rendered":"<p>Somos un Centro Integral de Atenci\u00f3n en Tr\u00e1nsito (CIAT) debidamente habilitado, donde ofrecemos servicios orientados a facilitar la gesti\u00f3n de tr\u00e1mites y promover la cultura de legalidad y seguridad vial, en cumplimiento de la normatividad vigente y las disposiciones del Ministerio de Transporte. Nuestro centro est\u00e1 dise\u00f1ado para brindar atenci\u00f3n&hellip;<\/p>\n","protected":false},"author":1,"featured_media":0,"parent":0,"menu_order":0,"comment_status":"closed","ping_status":"closed","template":"template-pagebuilder.php","meta":{"footnotes":""},"class_list":["post-11","page","type-page","status-publish","hentry"],"_links":{"self":[{"href":"https:\/\/ceaelsol.com.co\/index.php\/wp-json\/wp\/v2\/pages\/11"}],"collection":[{"href":"https:\/\/ceaelsol.com.co\/index.php\/wp-json\/wp\/v2\/pages"}],"about":[{"href":"https:\/\/ceaelsol.com.co\/index.php\/wp-json\/wp\/v2\/types\/page"}],"author":[{"embeddable":true,"href":"https:\/\/ceaelsol.com.co\/index.php\/wp-json\/wp\/v2\/users\/1"}],"replies":[{"embeddable":true,"href":"https:\/\/ceaelsol.com.co\/index.php\/wp-json\/wp\/v2\/comments?post=11"}],"version-history":[{"count":29,"href":"https:\/\/ceaelsol.com.co\/index.php\/wp-json\/wp\/v2\/pages\/11\/revisions"}],"predecessor-version":[{"id":706,"href":"https:\/\/ceaelsol.com.co\/index.php\/wp-json\/wp\/v2\/pages\/11\/revisions\/706"}],"wp:attachment":[{"href":"https:\/\/ceaelsol.com.co\/index.php\/wp-json\/wp\/v2\/media?parent=11"}],"curies":[{"name":"wp","href":"https:\/\/api.w.org\/{rel}","templated":true}]}}