{"id":10,"date":"2023-05-15T20:06:19","date_gmt":"2023-05-15T20:06:19","guid":{"rendered":"https:\/\/ceaelsol.com.co\/?page_id=10"},"modified":"2025-02-26T16:52:59","modified_gmt":"2025-02-26T16:52:59","slug":"contacto","status":"publish","type":"page","link":"https:\/\/ceaelsol.com.co\/index.php\/contacto\/","title":{"rendered":"Contacto"},"content":{"rendered":"\n<div class=\"wp-block-columns alignfull is-layout-flex wp-container-core-columns-is-layout-1 wp-block-columns-is-layout-flex\">\n<div class=\"wp-block-column is-layout-flow wp-block-column-is-layout-flow\">\n<figure class=\"wp-block-image aligncenter size-large\"><img loading=\"lazy\" decoding=\"async\" width=\"1024\" height=\"488\" src=\"https:\/\/ceaelsol.com.co\/wp-content\/uploads\/2024\/01\/recepcion-1024x488.jpg\" alt=\"\" class=\"wp-image-551\" srcset=\"https:\/\/ceaelsol.com.co\/wp-content\/uploads\/2024\/01\/recepcion-1024x488.jpg 1024w, https:\/\/ceaelsol.com.co\/wp-content\/uploads\/2024\/01\/recepcion-300x143.jpg 300w, https:\/\/ceaelsol.com.co\/wp-content\/uploads\/2024\/01\/recepcion-768x366.jpg 768w, https:\/\/ceaelsol.com.co\/wp-content\/uploads\/2024\/01\/recepcion.jpg 1200w\" sizes=\"(max-width: 1024px) 100vw, 1024px\" \/><\/figure>\n<\/div>\n<\/div>\n\n\n\n<div class=\"wp-block-group alignwide has-white-background-color has-background is-layout-constrained wp-container-core-group-is-layout-16 wp-block-group-is-layout-constrained\" style=\"padding-right:20px;padding-left:20px\">\n<div class=\"wp-block-group alignwide is-layout-flow wp-container-core-group-is-layout-5 wp-block-group-is-layout-flow\" style=\"padding-bottom:30px\">\n<div class=\"wp-block-group alignwide is-layout-flow wp-block-group-is-layout-flow\" style=\"padding-right:10%;padding-bottom:40px;padding-left:10%\">\n<div class=\"wp-block-group animated animated-fadeInUp is-content-justification-center is-nowrap is-layout-flex wp-container-core-group-is-layout-3 wp-block-group-is-layout-flex\">\n<div class=\"wp-block-group is-layout-flow wp-block-group-is-layout-flow\">\n<hr class=\"wp-block-separator has-text-color has-primary-color has-alpha-channel-opacity has-primary-background-color has-background\"\/>\n<\/div>\n\n\n\n<p class=\"has-text-align-left has-primary-color has-text-color has-medium-font-size\" style=\"letter-spacing:1px\">INFORMACION DE CONTACTO<\/p>\n\n\n\n<div class=\"wp-block-group is-layout-flow wp-block-group-is-layout-flow\">\n<hr class=\"wp-block-separator has-text-color has-primary-color has-alpha-channel-opacity has-primary-background-color has-background\"\/>\n<\/div>\n<\/div>\n\n\n\n<h2 class=\"wp-block-heading has-text-align-center animated animated-fadeInUp has-slider-title-font-size\" style=\"line-height:1.3\">Pongase en Contacto<\/h2>\n\n\n\n<p class=\"has-text-align-center\">Para cualquier inquietud que tenga respecto de nuestro centro puede contactarnos por este medio via correo electronico, via mensaje por el formulario de contacto, via telefonica celular o via whatsapp<\/p>\n<\/div>\n<\/div>\n\n\n\n<div class=\"wp-block-group alignwide is-layout-flow wp-block-group-is-layout-flow\" style=\"padding-top:16px\">\n<div class=\"wp-block-group is-layout-flow wp-block-group-is-layout-flow\">\n<div class=\"wp-block-group alignwide is-layout-flow wp-block-group-is-layout-flow\">\n<div class=\"wp-block-columns is-layout-flex wp-container-core-columns-is-layout-2 wp-block-columns-is-layout-flex\">\n<div class=\"wp-block-column is-layout-flow wp-block-column-is-layout-flow\">\n<div class=\"wp-block-group alignwide has-shadow-dark animated animated-fadeInUp has-white-background-color has-background is-layout-constrained wp-container-core-group-is-layout-7 wp-block-group-is-layout-constrained\" style=\"border-radius:5px;padding-top:40px;padding-right:40px;padding-bottom:40px;padding-left:40px\">\n<div class=\"wp-block-group is-layout-flow wp-block-group-is-layout-flow\" style=\"padding-bottom:15px\">\n<figure class=\"wp-block-image aligncenter size-full is-resized has-custom-border wp-duotone-ff5418-ff5418-1\"><img decoding=\"async\" src=\"https:\/\/ceaelsol.com.co\/wp-content\/themes\/construction-light\/assets\/default\/icon-4.png\" alt=\"\" class=\"wp-image-3971\" style=\"border-radius:0px;width:60px;height:60px\"\/><\/figure>\n<\/div>\n\n\n\n<h3 class=\"wp-block-heading has-text-align-center\" style=\"margin-top:10px;margin-right:10px;margin-bottom:10px;margin-left:10px\">Contacto Celular<\/h3>\n\n\n\n<p class=\"has-text-align-center\"><strong>3115843793<\/strong><\/p>\n<\/div>\n<\/div>\n\n\n\n<div class=\"wp-block-column is-layout-flow wp-block-column-is-layout-flow\">\n<div class=\"wp-block-group alignwide has-shadow-dark animated animated-fadeInUp has-white-background-color has-background is-layout-constrained wp-container-core-group-is-layout-9 wp-block-group-is-layout-constrained\" style=\"border-radius:5px;padding-top:40px;padding-right:40px;padding-bottom:40px;padding-left:40px\">\n<div class=\"wp-block-group is-layout-flow wp-block-group-is-layout-flow\" style=\"padding-bottom:15px\">\n<figure class=\"wp-block-image aligncenter size-full is-resized has-custom-border wp-duotone-ff5418-ff5418-2\"><img decoding=\"async\" src=\"https:\/\/ceaelsol.com.co\/wp-content\/themes\/construction-light\/assets\/default\/icon-5.png\" alt=\"\" class=\"wp-image-3971\" style=\"border-radius:0px;width:60px;height:60px\"\/><\/figure>\n<\/div>\n\n\n\n<h3 class=\"wp-block-heading has-text-align-center\" style=\"margin-top:10px;margin-right:10px;margin-bottom:10px;margin-left:10px\"><a href=\"#\">Correo Electr\u00f3nico<\/a><\/h3>\n\n\n\n<p class=\"has-text-align-center\"><strong>escuela.sol@hotmail.com<\/strong><\/p>\n<\/div>\n<\/div>\n\n\n\n<div class=\"wp-block-column is-layout-flow wp-block-column-is-layout-flow\">\n<div class=\"wp-block-group alignwide has-shadow-dark animated animated-fadeInUp has-white-background-color has-background is-layout-constrained wp-container-core-group-is-layout-11 wp-block-group-is-layout-constrained\" style=\"border-radius:5px;padding-top:40px;padding-right:40px;padding-bottom:40px;padding-left:40px\">\n<div class=\"wp-block-group is-layout-flow wp-block-group-is-layout-flow\" style=\"padding-bottom:15px\">\n<figure class=\"wp-block-image aligncenter size-full is-resized has-custom-border wp-duotone-ff5418-ff5418-3\"><img decoding=\"async\" src=\"https:\/\/ceaelsol.com.co\/wp-content\/themes\/construction-light\/assets\/default\/icon-2.png\" alt=\"\" class=\"wp-image-3971\" style=\"border-radius:0px;width:60px;height:60px\"\/><\/figure>\n<\/div>\n\n\n\n<h3 class=\"wp-block-heading has-text-align-center\" style=\"margin-top:10px;margin-right:10px;margin-bottom:10px;margin-left:10px\">Direcci\u00f3n<\/h3>\n\n\n\n<p class=\"has-text-align-center\"><strong>Carrera 17 7B-17 Sogamoso Boyac\u00e1<\/strong><\/p>\n<\/div>\n<\/div>\n<\/div>\n<\/div>\n\n\n\n<iframe src=\"https:\/\/www.google.com\/maps\/embed?pb=!1m14!1m8!1m3!1d6285.798644170124!2d-72.9359544504083!3d5.716293857137145!3m2!1i1024!2i768!4f13.1!3m3!1m2!1s0x8e6a45d095c2b66b%3A0xce9ef498c08f2c98!2scentro%20de%20ense%C3%B1anza%20automovilistica%20el%20SOL!5e1!3m2!1ses!2sco!4v1734714663172!5m2!1ses!2sco\" width=\"2400\" height=\"800\" style=\"border:0;\" allowfullscreen=\"\" loading=\"lazy\" referrerpolicy=\"no-referrer-when-downgrade\"><\/iframe>\n\n\n\n<div class=\"wp-block-group alignwide is-layout-flow wp-block-group-is-layout-flow\">\n<div class=\"wp-block-columns is-layout-flex wp-container-core-columns-is-layout-3 wp-block-columns-is-layout-flex\">\n<div class=\"wp-block-column has-shadow-dark animated animated-fadeInUp is-layout-flow wp-block-column-is-layout-flow\" style=\"padding-top:10px;padding-right:10px;padding-bottom:10px;padding-left:10px\">\n<h3 class=\"wp-block-heading\">Contacto<\/h3>\n\n\n<div class=\"wpforms-container wpforms-container-full wpforms-render-modern\" id=\"wpforms-362\"><form id=\"wpforms-form-362\" class=\"wpforms-validate wpforms-form wpforms-ajax-form\" data-formid=\"362\" method=\"post\" enctype=\"multipart\/form-data\" action=\"\/index.php\/wp-json\/wp\/v2\/pages\/10\" data-token=\"abd9da4016a244002a886ffe4367613c\" data-token-time=\"1777628010\"><noscript class=\"wpforms-error-noscript\">Por favor, activa JavaScript en tu navegador para completar este formulario.<\/noscript><div class=\"wpforms-hidden\" id=\"wpforms-error-noscript\">Por favor, activa JavaScript en tu navegador para completar este formulario.<\/div><div class=\"wpforms-field-container\"><div id=\"wpforms-362-field_0-container\" class=\"wpforms-field wpforms-field-name\" data-field-id=\"0\"><fieldset><legend class=\"wpforms-field-label\">Nombre <span class=\"wpforms-required-label\" aria-hidden=\"true\">*<\/span><\/legend><div class=\"wpforms-field-row wpforms-field-medium\"><div class=\"wpforms-field-row-block wpforms-first wpforms-one-half\"><input type=\"text\" id=\"wpforms-362-field_0\" class=\"wpforms-field-name-first wpforms-field-required\" name=\"wpforms[fields][0][first]\" aria-errormessage=\"wpforms-362-field_0-error\" required><label for=\"wpforms-362-field_0\" class=\"wpforms-field-sublabel after\">Nombre<\/label><\/div><div class=\"wpforms-field-row-block wpforms-one-half\"><input type=\"text\" id=\"wpforms-362-field_0-last\" class=\"wpforms-field-name-last wpforms-field-required\" name=\"wpforms[fields][0][last]\" aria-errormessage=\"wpforms-362-field_0-last-error\" required><label for=\"wpforms-362-field_0-last\" class=\"wpforms-field-sublabel after\">Apellidos<\/label><\/div><\/div><\/fieldset><\/div><div id=\"wpforms-362-field_1-container\" class=\"wpforms-field wpforms-field-email\" data-field-id=\"1\"><label class=\"wpforms-field-label\" for=\"wpforms-362-field_1\">Correo electr\u00f3nico <span class=\"wpforms-required-label\" aria-hidden=\"true\">*<\/span><\/label><input type=\"email\" id=\"wpforms-362-field_1\" class=\"wpforms-field-medium wpforms-field-required\" name=\"wpforms[fields][1]\" spellcheck=\"false\" aria-errormessage=\"wpforms-362-field_1-error\" required><\/div><div id=\"wpforms-362-field_2-container\" class=\"wpforms-field wpforms-field-textarea\" data-field-id=\"2\"><label class=\"wpforms-field-label\" for=\"wpforms-362-field_2\">Comentario o mensaje<\/label><textarea id=\"wpforms-362-field_2\" class=\"wpforms-field-medium\" name=\"wpforms[fields][2]\" aria-errormessage=\"wpforms-362-field_2-error\" ><\/textarea><\/div><\/div><!-- .wpforms-field-container --><div class=\"wpforms-submit-container\" ><input type=\"hidden\" name=\"wpforms[id]\" value=\"362\"><input type=\"hidden\" name=\"page_title\" value=\"\"><input type=\"hidden\" name=\"page_url\" value=\"https:\/\/ceaelsol.com.co\/index.php\/wp-json\/wp\/v2\/pages\/10\"><button type=\"submit\" name=\"wpforms[submit]\" id=\"wpforms-submit-362\" class=\"wpforms-submit\" data-alt-text=\"Enviando...\" data-submit-text=\"Enviar\" aria-live=\"assertive\" value=\"wpforms-submit\">Enviar<\/button><img loading=\"lazy\" decoding=\"async\" src=\"https:\/\/ceaelsol.com.co\/wp-content\/plugins\/wpforms-lite\/assets\/images\/submit-spin.svg\" class=\"wpforms-submit-spinner\" style=\"display: none;\" width=\"26\" height=\"26\" alt=\"Cargando\"><\/div><\/form><\/div>  <!-- .wpforms-container -->\n<\/div>\n\n\n\n<div class=\"wp-block-column has-shadow-dark animated animated-fadeInUp is-layout-flow wp-block-column-is-layout-flow\">\n\n\n<figure class=\"wp-block-image size-large\"><img loading=\"lazy\" decoding=\"async\" width=\"1024\" height=\"483\" src=\"https:\/\/ceaelsol.com.co\/wp-content\/uploads\/2023\/06\/whatsapp-1024x483.jpg\" alt=\"\" class=\"wp-image-402\" srcset=\"https:\/\/ceaelsol.com.co\/wp-content\/uploads\/2023\/06\/whatsapp-1024x483.jpg 1024w, https:\/\/ceaelsol.com.co\/wp-content\/uploads\/2023\/06\/whatsapp-300x141.jpg 300w, https:\/\/ceaelsol.com.co\/wp-content\/uploads\/2023\/06\/whatsapp-768x362.jpg 768w, https:\/\/ceaelsol.com.co\/wp-content\/uploads\/2023\/06\/whatsapp.jpg 1201w\" sizes=\"(max-width: 1024px) 100vw, 1024px\" \/><\/figure>\n<\/div>\n<\/div>\n<\/div>\n<\/div>\n<\/div>\n<\/div>\n\n\n\n<div class=\"wp-block-cover alignfull\"><span aria-hidden=\"true\" class=\"wp-block-cover__background has-background-dim\"><\/span><img loading=\"lazy\" decoding=\"async\" width=\"1024\" height=\"317\" class=\"wp-block-cover__image-background wp-image-636\" alt=\"\" src=\"https:\/\/ceaelsol.com.co\/wp-content\/uploads\/2025\/02\/sol2-1024x317.jpg\" data-object-fit=\"cover\" srcset=\"https:\/\/ceaelsol.com.co\/wp-content\/uploads\/2025\/02\/sol2-1024x317.jpg 1024w, https:\/\/ceaelsol.com.co\/wp-content\/uploads\/2025\/02\/sol2-300x93.jpg 300w, https:\/\/ceaelsol.com.co\/wp-content\/uploads\/2025\/02\/sol2-768x237.jpg 768w, https:\/\/ceaelsol.com.co\/wp-content\/uploads\/2025\/02\/sol2-1536x475.jpg 1536w, https:\/\/ceaelsol.com.co\/wp-content\/uploads\/2025\/02\/sol2.jpg 1792w\" sizes=\"(max-width: 1024px) 100vw, 1024px\" \/><div class=\"wp-block-cover__inner-container is-layout-flow wp-block-cover-is-layout-flow\">\n<p class=\"has-text-align-center has-large-font-size\"><strong>CENTRO DE ENSE\u00d1ANZA AUTOMOVILISTICA EL SOL<\/strong><\/p>\n\n\n\n<p class=\"has-text-align-center\"><strong>SOGAMOSO &#8211; CIUDAD DEL SOL Y DEL ACERO<\/strong><\/p>\n<\/div><\/div>\n","protected":false},"excerpt":{"rendered":"<p>INFORMACION DE CONTACTO Pongase en Contacto Para cualquier inquietud que tenga respecto de nuestro centro puede contactarnos por este medio via correo electronico, via mensaje por el formulario de contacto, via telefonica celular o via whatsapp Contacto Celular 3115843793 Correo Electr\u00f3nico escuela.sol@hotmail.com Direcci\u00f3n Carrera 17 7B-17 Sogamoso Boyac\u00e1 Contacto<\/p>\n","protected":false},"author":1,"featured_media":0,"parent":0,"menu_order":0,"comment_status":"closed","ping_status":"closed","template":"template-pagebuilder.php","meta":{"footnotes":""},"class_list":["post-10","page","type-page","status-publish","hentry"],"_links":{"self":[{"href":"https:\/\/ceaelsol.com.co\/index.php\/wp-json\/wp\/v2\/pages\/10"}],"collection":[{"href":"https:\/\/ceaelsol.com.co\/index.php\/wp-json\/wp\/v2\/pages"}],"about":[{"href":"https:\/\/ceaelsol.com.co\/index.php\/wp-json\/wp\/v2\/types\/page"}],"author":[{"embeddable":true,"href":"https:\/\/ceaelsol.com.co\/index.php\/wp-json\/wp\/v2\/users\/1"}],"replies":[{"embeddable":true,"href":"https:\/\/ceaelsol.com.co\/index.php\/wp-json\/wp\/v2\/comments?post=10"}],"version-history":[{"count":19,"href":"https:\/\/ceaelsol.com.co\/index.php\/wp-json\/wp\/v2\/pages\/10\/revisions"}],"predecessor-version":[{"id":639,"href":"https:\/\/ceaelsol.com.co\/index.php\/wp-json\/wp\/v2\/pages\/10\/revisions\/639"}],"wp:attachment":[{"href":"https:\/\/ceaelsol.com.co\/index.php\/wp-json\/wp\/v2\/media?parent=10"}],"curies":[{"name":"wp","href":"https:\/\/api.w.org\/{rel}","templated":true}]}}